{"id":2344,"date":"2011-08-21T13:11:20","date_gmt":"2011-08-21T18:11:20","guid":{"rendered":"http:\/\/enutrica.wordpress.com\/?page_id=2344"},"modified":"2025-03-29T14:01:04","modified_gmt":"2025-03-29T20:01:04","slug":"politica-de-privacidad-enutrica","status":"publish","type":"page","link":"https:\/\/enutrica.com\/web\/politica-de-privacidad-enutrica\/","title":{"rendered":"POL\u00cdTICA DE PRIVACIDAD"},"content":{"rendered":"<p style=\"text-align: justify;\"><strong><img loading=\"lazy\" decoding=\"async\" class=\"alignnone wp-image-5605\" src=\"https:\/\/enutrica.com\/web\/wp-content\/uploads\/2020\/12\/ICONOGRAFIA-2015-300x176.jpg\" alt=\"\" width=\"2172\" height=\"1273\" srcset=\"https:\/\/enutrica.com\/web\/wp-content\/uploads\/2020\/12\/ICONOGRAFIA-2015-300x176.jpg 300w, https:\/\/enutrica.com\/web\/wp-content\/uploads\/2020\/12\/ICONOGRAFIA-2015-1024x600.jpg 1024w, https:\/\/enutrica.com\/web\/wp-content\/uploads\/2020\/12\/ICONOGRAFIA-2015-768x450.jpg 768w, https:\/\/enutrica.com\/web\/wp-content\/uploads\/2020\/12\/ICONOGRAFIA-2015-1536x900.jpg 1536w, https:\/\/enutrica.com\/web\/wp-content\/uploads\/2020\/12\/ICONOGRAFIA-2015-2048x1200.jpg 2048w\" sizes=\"auto, (max-width: 2172px) 100vw, 2172px\" \/><\/strong><\/p>\n<p><b>ANTECEDENTES <\/b><\/p>\n<p style=\"text-align: justify;\">De acuerdo a la Ley Federal de Protecci\u00f3n de Datos Personales en Posesi\u00f3n de los Particulares (LFPDPPP) publicada en el DOF 05-07-2010 \u00a0y su Reglamento publicado en el DOF: 21\/12\/2011El presente Aviso de privacidad es un documento f\u00edsico, electr\u00f3nico o en cualquier otro formato (por ejemplo sonoro), a trav\u00e9s del cual el Cervando Rivera Martinez subsecuente enunciado como enutrica informa al titular de los datos sobre la existencia y caracter\u00edsticas principales del tratamiento al que ser\u00e1n sometidos sus datos personales obtenidos a trav\u00e9s de los medios f\u00edsicos, virtuales, tecnol\u00f3gicos por los que el titular contacto a enutrica de en cumplimiento de ley, Arriba mencionada, para tal se emite el siguiente:<\/p>\n<p>\u00a0<b>AVISO DE PRIVACIDAD<\/b><\/p>\n<p style=\"text-align: justify;\"><b><\/b>Cuyo responsable del tratamiento de datos personales es enutrica con domicilio para recibir y o\u00edr notificaciones en Calle Pedro Tellez s\/n Col. San Jose el Mirador, C .P. 43906 Apan, Hgo. Es responsable del tratamiento de sus datos personales resultante del uso de nuestros servicios\u00a0 y cuya:<\/p>\n<p><b>FINALIDAD DEL TRATAMIENTO DE LOS DATOS PERSONALES EN POSESI\u00d3N DE ENUTRICA SER\u00c1N:<\/b><\/p>\n<ul>\n<li style=\"text-align: justify;\">Prestaci\u00f3n de los servicios de coach (enutricoaching\u00ae), consultor\u00eda (enutriconsulting\u00ae y educaci\u00f3n continua (enutriseminar\u00ae) y dem\u00e1s fines relacionados con la prestaci\u00f3n de servicios que presta la empresa a solicitud del titular.<\/li>\n<li style=\"text-align: justify;\">Creaci\u00f3n, estudio, an\u00e1lisis, actualizaci\u00f3n, seguimiento y conservaci\u00f3n del y\/o los expediente(s): cl\u00ednico, de consultor\u00eda y de educaci\u00f3n continua.<\/li>\n<li style=\"text-align: justify;\">Facturaci\u00f3n y cobranza por servicios.<\/li>\n<li style=\"text-align: justify;\">De manera adicional, utilizaremos su informaci\u00f3n personal para las siguientes finalidades que no son necesarias para el servicio solicitado, pero que nos permiten y facilitan brindarle una mejor atenci\u00f3n:<\/li>\n<li style=\"text-align: justify;\">Optimizaci\u00f3n y mejora contin\u00faa de los servicios a fin de asegurar la satisfacci\u00f3n en el cliente mediante Estudios, registros, estad\u00edsticas y an\u00e1lisis de informaci\u00f3n.<\/li>\n<li style=\"text-align: justify;\">Conservaci\u00f3n de registros para seguimiento a servicios, prestaci\u00f3n de servicios en el futuro y en general para dar seguimiento a cualquier relaci\u00f3n contractual.<\/li>\n<li style=\"text-align: justify;\">An\u00e1lisis estad\u00edsticos y de mercado.<\/li>\n<li style=\"text-align: justify;\">Promoci\u00f3n y mercadeo de productos y servicios de enutrica y otras empresas pertenecientes al mismo grupo corporativo.<\/li>\n<\/ul>\n<p style=\"text-align: justify;\">En caso de que no desee que sus datos personales sean tratados para estos fines adicionales, desde este momento usted nos puede comunicar lo anterior, enviando un correo electr\u00f3nico a <a href=\"mailto:datospersonales@enutrica.com\">datospersonales@enutrica.com<\/a> en la que se detalle claramente su negativa de consentimiento para el uso de los datos con estas finalidades.<\/p>\n<p style=\"text-align: justify;\">La negativa para el uso de sus datos personales para estas finalidades no podr\u00e1 ser un motivo para que le neguemos los servicios que solicita o contrata con nosotros.<\/p>\n<p style=\"text-align: justify;\">Para llevar a cabo las finalidades descritas en el presente aviso de privacidad, utilizaremos los siguientes:<\/p>\n<p><b>DATOS PERSONALES:<\/b><\/p>\n<ul>\n<li style=\"text-align: justify;\">Datos de identificaci\u00f3n: Nombre; estado civil; firma aut\u00f3grafa y\/o electr\u00f3nica; Registro Federal de Contribuyentes (RFC); Clave \u00danica de Registro de Poblaci\u00f3n (CURP); n\u00famero de cartilla militar; lugar y fecha de nacimiento; nacionalidad; fotograf\u00eda; edad, entre otros.<\/li>\n<li style=\"text-align: justify;\">Datos de contacto: Domicilio; correo electr\u00f3nico; tel\u00e9fono fijo; tel\u00e9fono celular, usuario d redes sociales entre otras.<\/li>\n<li style=\"text-align: justify;\">Datos laborales: Informaci\u00f3n concerniente a una persona f\u00edsica relativa a su empleo, cargo o comisi\u00f3n; desempe\u00f1o laboral y experiencia profesional, generada a partir de procesos de reclutamiento, selecci\u00f3n, contrataci\u00f3n, nombramiento, evaluaci\u00f3n y capacitaci\u00f3n, tales como: puesto, domicilio de trabajo, correo electr\u00f3nico institucional, tel\u00e9fono institucional; referencias laborales; fecha de ingreso y salida del empleo, entre otros.<\/li>\n<li style=\"text-align: justify;\">Datos sobre caracter\u00edsticas f\u00edsicas: Fotograf\u00eda e Informaci\u00f3n sobre una persona f\u00edsica relativa a su fisonom\u00eda, anatom\u00eda, rasgos o particularidades espec\u00edficas, como: color de la piel, del iris o del cabello; se\u00f1as particulares; estatura; peso; complexi\u00f3n; cicatrices, tipo de sangre, entre otras.<\/li>\n<li style=\"text-align: justify;\">Datos acad\u00e9micos: Informaci\u00f3n concerniente a una persona f\u00edsica que describe su preparaci\u00f3n, aptitudes, desarrollo y orientaci\u00f3n profesional o t\u00e9cnica, avalada por instituciones educativas, como lo son: trayectoria educativa; t\u00edtulos; c\u00e9dula profesional; certificados; reconocimientos; entre otros.<\/li>\n<li style=\"text-align: justify;\">Datos patrimoniales o financieros: bienes muebles, inmuebles y tecnol\u00f3gicos; informaci\u00f3n fiscal; historial crediticio; ingresos y egresos; cuentas bancarias; seguros; afores; fianzas, n\u00famero de tarjeta de cr\u00e9dito, n\u00famero de seguridad, entre otros.<\/li>\n<li style=\"text-align: justify;\">Adem\u00e1s de los datos personales mencionados anteriormente, para las finalidades informadas en el presente aviso de privacidad utilizaremos los siguientes datos personales considerados como sensibles, que requieren de especial protecci\u00f3n:<\/li>\n<\/ul>\n<p><strong>DATOS SENSIBLES<\/strong>:<\/p>\n<p style=\"text-align: justify;\">enutrica recabar\u00e1 y tratar\u00e1 datos sensibles y otros datos necesarios o convenientes para los fines arriba se\u00f1alados, los datos personales sensibles ser\u00e1n mantenidos y tratados con estricta seguridad y confidencialidad para fines relacionados con la prestaci\u00f3n de servicios enutricoaching\u00ae enutriconsulting\u00ae y enutriseminar\u00ae y conforme a este aviso de privacidad y la legislaci\u00f3n, reglamentos y normativa aplicable; para esto se consideran datos sensibles los siguientes:<\/p>\n<ul style=\"text-align: justify;\">\n<li>Datos de salud. Estado de salud, antecedentes e historial cl\u00ednico, informaci\u00f3n sobre estilo de vida. Y dem\u00e1s informaci\u00f3n concerniente a una persona f\u00edsica relacionada con la valoraci\u00f3n, preservaci\u00f3n, cuidado, mejoramiento y recuperaci\u00f3n de su estado de salud f\u00edsico o mental presente, pasado o futuro, as\u00ed como informaci\u00f3n gen\u00e9tica.<\/li>\n<li>Datos ideol\u00f3gicos. Informaci\u00f3n sobre las posturas ideol\u00f3gicas, religiosas, filos\u00f3ficas o morales de una persona.<\/li>\n<li>Datos sobre opiniones pol\u00edticas. Opini\u00f3n de una persona con relaci\u00f3n a un hecho pol\u00edtico o sobre su postura pol\u00edtica en general.<\/li>\n<li>Datos sobre afiliaci\u00f3n sindical. Pertenencia de una persona a un sindicato y la informaci\u00f3n que de ello derive.<\/li>\n<li>Datos sobre vida sexual. Informaci\u00f3n de una persona f\u00edsica relacionada con su comportamiento, preferencias, pr\u00e1cticas o h\u00e1bitos sexuales, entre otros.<\/li>\n<li>Datos de origen \u00e9tnico o racial. Informaci\u00f3n concerniente a una persona f\u00edsica relativa a su pertenencia a un pueblo, etnia o regi\u00f3n que la distingue por sus condiciones e identidades sociales, culturales y econ\u00f3micas, as\u00ed como por sus costumbres, tradiciones, creencias<\/li>\n<\/ul>\n<p style=\"text-align: justify;\">Le informamos que para la prestaci\u00f3n \u00f3ptima de los servicios que presta enutrica al titular puede realizar acciones de:<\/p>\n<p><b>TRANSFERENCIA DE DATOS:<\/b><\/p>\n<p style=\"text-align: justify;\"><b><\/b>A terceros subcontratados para fines relacionados con los se\u00f1alados en este aviso de privacidad. Dentro de los terceros a los que se transferir\u00e1n dichos datos se incluyen\u00a0 sin\u00a0 limitar empresas de servicios y productos ajenas a enutrica as\u00ed\u00a0 como\u00a0 a\u00a0 cualquier\u00a0 empresa\u00a0 del\u00a0 mismo corporativo, autoridades o aquellos que enutrica considere necesario o conveniente comunicar datos personales. Sin embargo usted puede realizar una:<\/p>\n<p><b>LIMITACI\u00d3N DE USO Y DIVULGACI\u00d3N DE DATOS PERSONALES<\/b><\/p>\n<p style=\"text-align: justify;\">Para limitar el uso de sus datos personales, favor de enviar un correo electr\u00f3nico a\u00a0 datospersonales@enutrica.com. o notificaci\u00f3n por escrito a en Calle Pedro Tellez s\/n Col. San Jose el Mirador, C .P. 43906 Apan, Hgo. Dirigida a la Subdireccion de Cultura Laboral en el que se se\u00f1ale la limitaci\u00f3n al uso de sus datos deseada.<\/p>\n<p style=\"text-align: justify;\">Asimismo, es su derecho solicitar la correcci\u00f3n de su informaci\u00f3n personal en caso de que est\u00e9 desactualizada, sea inexacta o incompleta (Rectificaci\u00f3n); que la eliminemos de nuestros registros o bases de datos cuando considere que la misma no est\u00e1 siendo utilizada conforme a los principios, deberes y obligaciones previstas en la normativa (Cancelaci\u00f3n); as\u00ed como oponerse al uso de sus datos personales para fines espec\u00edficos (Oposici\u00f3n). Estos derechos se conocen como derechos ARCO y existen los siguientes:<\/p>\n<p><b>MEDIOS PARA EJERCER DERECHOS ARCO (ACCESO, RECTIFICACI\u00d3N, CANCELACI\u00d3N Y OPOSICI\u00d3N)<\/b><\/p>\n<p style=\"text-align: justify;\">Para tener acceso a los datos personales que enutrica posee, as\u00ed como para rectificarlos en caso de que \u00e9stos sean inexactos o incompletos, o para cancelarlos u oponerse a su tratamiento para ciertos fines, favor de presentar una solicitud por escrito dirigida a nuestra Subdireccion de Cultura Laboral\u00a0a datospersonales@enutrica.com o notificaci\u00f3n por escrito a en Calle Pedro Tellez s\/n Col. San Jose el Mirador, C .P. 43906 Apan, Hgo. Dirigida al Departamento de Cultura Laboral de Lunes a Viernes de 9:00 a 18:00 hrs. que contenga la siguiente informaci\u00f3n:<\/p>\n<ul style=\"text-align: justify;\">\n<li>Nombre del titular<\/li>\n<li>Domicilio de titular o direcci\u00f3n de correo electr\u00f3nico para comunicar respuesta a solicitud<\/li>\n<li>Documentos que acrediten identidad o autorizaci\u00f3n para representarlo en la solicitud.<\/li>\n<li>Descripci\u00f3n de datos personales sobre los que se pretende ejercer alg\u00fan derecho ARCO<\/li>\n<li>Cualquier otro elemento que permita la localizaci\u00f3n de los datos personales y atenci\u00f3n a la solicitud.<\/li>\n<\/ul>\n<p style=\"text-align: justify;\">\u00a0En cualquier momento usted puede revocar el consentimiento que, en su caso, nos haya otorgado para el tratamiento de sus datos personales. Sin embargo, es importante que tenga en cuenta que no en todos los casos podremos atender su solicitud o concluir el uso de forma inmediata, ya que es posible que por alguna obligaci\u00f3n legal requiramos seguir tratando sus datos personales. Asimismo, usted deber\u00e1 considerar que para ciertos fines, la revocaci\u00f3n de su consentimiento implicar\u00e1 que no le podamos seguir prestando el servicio que nos solicit\u00f3, o la conclusi\u00f3n de su relaci\u00f3n con nosotros; si desea ejercer este derecho existen los siguientes medios para:<\/p>\n<p><b>REVOCAR CONSENTIMIENTO<\/b><\/p>\n<p style=\"text-align: justify;\">Favor de presentar una solicitud por escrito dirigida a nuestro Departamento de Datos Personales a datospersonales@enutrica.com o notificaci\u00f3n por escrito a en Calle Pedro Tellez s\/n Col. San Jos\u00e9 el Mirador, C .P. 43906 Apan, Hgo. Dirigida al Departamento de Cultura Laboral de Lunes a Viernes de 9:00 a 18:00 hrs. de Lunes a Viernes en la que se detalle claramente los datos respecto de los que revoca su consentimiento.<\/p>\n<p style=\"text-align: justify;\">Con objeto de que usted pueda limitar el uso y divulgaci\u00f3n de su informaci\u00f3n personal, le ofrecemos los siguientes medios:\u00a0Su inscripci\u00f3n en el Registro P\u00fablico para Evitar Publicidad, que est\u00e1 a cargo de la Procuradur\u00eda Federal del Consumidor, con la finalidad de que sus datos personales no sean utilizados para recibir publicidad o promociones de empresas de bienes o servicios. Para mayor informaci\u00f3n sobre este registro, usted puede consultar el portal de Internet de la PROFECO, o bien ponerse en contacto directo con \u00e9sta.\u00a0Su registro quedara en el listado de exclusi\u00f3n \u201cL01\u201d, a fin de que sus datos personales no sean tratados para fines mercadot\u00e9cnicos, publicitarios o de prospecci\u00f3n comercial por nuestra parte. Para mayor contactarse a la Subdirecci\u00f3n de Cultura Laboral enviando un correo electr\u00f3nico a: <a href=\"mailto:datospersonales@enutrica.com\">datospersonales@enutrica.com<\/a><\/p>\n<p><b>EL USO DE TECNOLOG\u00cdAS DE RASTREO EN NUESTRO PORTAL DE INTERNET<\/b><\/p>\n<p style=\"text-align: justify;\">Le informamos que en nuestra p\u00e1gina de Internet utilizamos cookies, web beacons y otras tecnolog\u00edas a trav\u00e9s de las cuales es posible monitorear su comportamiento como usuario de Internet, as\u00ed como brindarle un mejor servicio y experiencia de usuario al navegar en nuestra p\u00e1gina.<\/p>\n<p><b>NOTIFICACI\u00d3N DE CAMBIOS AL AVISO DE PRIVACIDAD<\/b><\/p>\n<p style=\"text-align: justify;\">El presente aviso de privacidad puede sufrir modificaciones, cambios o actualizaciones derivadas de nuevos requerimientos legales; de nuestras propias necesidades por los productos o servicios que ofrecemos; de nuestras pr\u00e1cticas de privacidad; de cambios en nuestro modelo de negocio, o por otras causas.\u00a0Nos comprometemos a mantenerlo informado sobre los cambios que pueda sufrir el presente aviso de privacidad, a trav\u00e9s de esta misma p\u00e1gina web (<a href=\"http:\/\/enutrica.wordpress.com\/conoce-enutrica\/aviso-de-privacidad-enutrica\/\">http:\/\/enutrica.wordpress.com\/conoce-enutrica\/aviso-de-privacidad-enutrica\/<\/a>).\u00a0El procedimiento a trav\u00e9s del cual se llevar\u00e1n a cabo las notificaciones sobre cambios o actualizaciones al presente aviso de privacidad es el siguiente: Se notificara del cambio mediante nuestras redes sociales: . Facebook (https:\/\/www.facebook.com\/enutrica ) y Twitter (<a href=\"https:\/\/twitter.com\/enutrica\">https:\/\/twitter.com\/enutrica<\/a> ).<\/p>\n<p align=\"right\"><b>\u00daltima actualizaci\u00f3n\u00a0[<i>07\/07\/2013 19:00<\/i>]<\/b><b><\/b><\/p>\n<p align=\"right\"><b>Autorizo: CEO L.N. Cervando Rivera Martinez.<\/b><\/p>\n<p align=\"right\"><b>\u00c1rea Responsable: Subdirecci\u00f3n de Cultura Laboral.<\/b><\/p>\n<pre><b>Vo.Bo Digital:[<\/b><b>enutrica]Yx@}AM]P3akydjqqn_@V||Rimc7610272r7)+(Samy790208ts3)=(Cmn110506uq5||(Rimc7610272r7+Samy790208ts3)||Cmn110506uq5||KM210105an080610||F-KMAN2108||EF-Km210105||<a href=\"http:\/\/www.enutrica.com\/cpanel\">acp<\/a>||<a href=\"https:\/\/drive.google.com\/file\/d\/1jxnvkN-0Mq2e3XwFfuTrdx0v1JDOjyp3\/view?usp=sharing\">csf-crm<\/a><\/b><\/pre>\n<pre><em>En cumplimiento de la \u00a0Ley Federal de Protecci\u00f3n de Datos Personales en Posesi\u00f3n de los Particulares (LFPDP).Los datos recabados en esta pagina web quedan sujetos al aviso de privacidad\u00a0<a title=\"Accede a nuestro Aviso de privacidad y conocelo.\" href=\"http:\/\/wp.me\/PKdji-BO\" target=\"_blank\" rel=\"noopener noreferrer\">(Leer el aviso de privacidad)<\/a>\u00a0<\/em><em>Ultima actualizaci\u00f3n: \u00a008 de febrero del 2024 \u00a0\u00a9crm<\/em><\/pre>\n\n\n<p><\/p>\n","protected":false},"excerpt":{"rendered":"<p>ANTECEDENTES De acuerdo a la Ley Federal de Protecci\u00f3n de Datos Personales en Posesi\u00f3n de los Particulares (LFPDPPP) publicada en el DOF 05-07-2010 \u00a0y su Reglamento publicado en el DOF: 21\/12\/2011El presente<a class=\"moretag\" href=\"https:\/\/enutrica.com\/web\/politica-de-privacidad-enutrica\/\">Leer m\u00e1s&#8230;<\/a><\/p>\n","protected":false},"author":1,"featured_media":0,"parent":0,"menu_order":4,"comment_status":"closed","ping_status":"closed","template":"","meta":{"footnotes":""},"class_list":["post-2344","page","type-page","status-publish","hentry"],"_links":{"self":[{"href":"https:\/\/enutrica.com\/web\/wp-json\/wp\/v2\/pages\/2344","targetHints":{"allow":["GET"]}}],"collection":[{"href":"https:\/\/enutrica.com\/web\/wp-json\/wp\/v2\/pages"}],"about":[{"href":"https:\/\/enutrica.com\/web\/wp-json\/wp\/v2\/types\/page"}],"author":[{"embeddable":true,"href":"https:\/\/enutrica.com\/web\/wp-json\/wp\/v2\/users\/1"}],"replies":[{"embeddable":true,"href":"https:\/\/enutrica.com\/web\/wp-json\/wp\/v2\/comments?post=2344"}],"version-history":[{"count":24,"href":"https:\/\/enutrica.com\/web\/wp-json\/wp\/v2\/pages\/2344\/revisions"}],"predecessor-version":[{"id":5804,"href":"https:\/\/enutrica.com\/web\/wp-json\/wp\/v2\/pages\/2344\/revisions\/5804"}],"wp:attachment":[{"href":"https:\/\/enutrica.com\/web\/wp-json\/wp\/v2\/media?parent=2344"}],"curies":[{"name":"wp","href":"https:\/\/api.w.org\/{rel}","templated":true}]}}